{"id":8,"date":"2014-05-21T12:23:59","date_gmt":"2014-05-21T10:23:59","guid":{"rendered":"https:\/\/www.happyday-hanke.de\/nightliner\/?page_id=8"},"modified":"2026-03-04T14:06:46","modified_gmt":"2026-03-04T12:06:46","slug":"die-anfrage","status":"publish","type":"page","link":"https:\/\/www.happyday-hanke.de\/nightliner\/die-anfrage\/","title":{"rendered":"DIE Anfrage"},"content":{"rendered":"<div class=\"wpb-content-wrapper\">[vc_row][vc_column][vc_column_text css=&#8220;&#8220;]\n<h4>Sie haben eine Anfrage oder w\u00fcnschen ein Angebot?<\/h4>\n<p>In diesem Formular k\u00f6nnen sie uns schon einmal die Rahmenbedingungen nennen, somit k\u00f6nnen wir ihnen schneller ein individuelles Angebot erstellen.<br \/>\nFalls Sie die Anfrage nur in Textform haben, benutzen sie bitte das <a href=\"https:\/\/www.happyday-hanke.de\/nightliner\/kontakt\/\">Kontakt-Formular<\/a>.<\/p>\n<style id=\"wpforms-css-vars-768\">\n\t\t\t\t#wpforms-768 {\n\t\t\t\t--wpforms-field-border-color: rgba(0, 0, 0, 0.25);\n--wpforms-field-border-color-spare: rgba(0, 0, 0, 0.25);\n--wpforms-field-text-color: rgba(0, 0, 0, 0.7);\n--wpforms-label-color: rgba(0, 0, 0, 0.85);\n--wpforms-label-sublabel-color: rgba(0, 0, 0, 0.55);\n--wpforms-button-background-color: #81d742;\n--wpforms-background-color: rgba(0, 0, 0, 0);\n--wpforms-field-size-input-height: 43px;\n--wpforms-field-size-input-spacing: 15px;\n--wpforms-field-size-font-size: 16px;\n--wpforms-field-size-line-height: 19px;\n--wpforms-field-size-padding-h: 14px;\n--wpforms-field-size-checkbox-size: 16px;\n--wpforms-field-size-sublabel-spacing: 5px;\n--wpforms-field-size-icon-size: 1;\n--wpforms-label-size-font-size: 16px;\n--wpforms-label-size-line-height: 19px;\n--wpforms-label-size-sublabel-font-size: 14px;\n--wpforms-label-size-sublabel-line-height: 17px;\n--wpforms-button-size-font-size: 17px;\n--wpforms-button-size-height: 41px;\n--wpforms-button-size-padding-h: 15px;\n--wpforms-button-size-margin-top: 10px;\n--wpforms-container-shadow-size-box-shadow: none;\n\t\t\t}\n\t\t\t<\/style><div class=\"wpforms-container wpforms-container-full wpforms-render-modern\" id=\"wpforms-768\"><form id=\"wpforms-form-768\" class=\"wpforms-validate wpforms-form wpforms-ajax-form\" data-formid=\"768\" method=\"post\" enctype=\"multipart\/form-data\" action=\"\/nightliner\/wp-json\/wp\/v2\/pages\/8\" data-token=\"f52702341f7b1aa60d81a7d57215ada4\" data-token-time=\"1776672940\"><noscript class=\"wpforms-error-noscript\">Bitte aktiviere JavaScript in deinem Browser, um dieses Formular fertigzustellen.<\/noscript><div id=\"wpforms-error-noscript\" style=\"display: none;\">Bitte aktiviere JavaScript in deinem Browser, um dieses Formular fertigzustellen.<\/div><div class=\"wpforms-field-container\"><div id=\"wpforms-768-field_1-container\" class=\"wpforms-field wpforms-field-name\" data-field-id=\"1\"><label class=\"wpforms-field-label\" for=\"wpforms-768-field_1\">Ihr Name (Pflichtfeld) <span class=\"wpforms-required-label\" aria-hidden=\"true\">*<\/span><\/label><input type=\"text\" id=\"wpforms-768-field_1\" class=\"wpforms-field-large wpforms-field-required\" name=\"wpforms[fields][1]\" aria-errormessage=\"wpforms-768-field_1-error\" required><\/div><div id=\"wpforms-768-field_2-container\" class=\"wpforms-field wpforms-field-email\" data-field-id=\"2\"><label class=\"wpforms-field-label\" for=\"wpforms-768-field_2\">Ihre E-Mail Adresse (Pflichtfeld) <span class=\"wpforms-required-label\" aria-hidden=\"true\">*<\/span><\/label><input type=\"email\" id=\"wpforms-768-field_2\" class=\"wpforms-field-large wpforms-field-required\" name=\"wpforms[fields][2]\" spellcheck=\"false\" aria-errormessage=\"wpforms-768-field_2-error\" required><\/div><div id=\"wpforms-768-field_3-container\" class=\"wpforms-field wpforms-field-phone\" data-field-id=\"3\"><label class=\"wpforms-field-label\" for=\"wpforms-768-field_3\">Ihre Telefonnummer<\/label><input type=\"tel\" id=\"wpforms-768-field_3\" class=\"wpforms-field-large\" data-rule-int-phone-field=\"true\" name=\"wpforms[fields][3]\" aria-label=\"Ihre Telefonnummer\" aria-errormessage=\"wpforms-768-field_3-error\" ><\/div><div id=\"wpforms-768-field_7-container\" class=\"wpforms-field wpforms-field-layout\" data-field-id=\"7\"><div class=\"wpforms-field-layout-rows wpforms-field-large\"><div class=\"wpforms-layout-row\"><div class=\"wpforms-layout-column wpforms-layout-column-50\"><div id=\"wpforms-768-field_6-container\" class=\"wpforms-field wpforms-field-date-time\" data-field-id=\"6\"><label class=\"wpforms-field-label\" for=\"wpforms-768-field_6\">Datum (von)<\/label><div class=\"wpforms-datepicker-wrap\"><input type=\"text\" id=\"wpforms-768-field_6\" class=\"wpforms-field-date-time-date wpforms-datepicker wpforms-field-medium\" data-date-format=\"m\/d\/Y\" data-disable-past-dates=\"0\" data-input=\"true\" name=\"wpforms[fields][6][date]\" aria-errormessage=\"wpforms-768-field_6-error\" ><a title=\"Datum leeren\" data-clear role=\"button\" tabindex=\"0\" class=\"wpforms-datepicker-clear\" aria-label=\"Datum leeren\" style=\"display:none;\"><\/a><\/div><\/div><\/div><div class=\"wpforms-layout-column wpforms-layout-column-50\"><div id=\"wpforms-768-field_8-container\" class=\"wpforms-field wpforms-field-date-time\" data-field-id=\"8\"><label class=\"wpforms-field-label\" for=\"wpforms-768-field_8\">Datum (bis)<\/label><div class=\"wpforms-datepicker-wrap\"><input type=\"text\" id=\"wpforms-768-field_8\" class=\"wpforms-field-date-time-date wpforms-datepicker wpforms-field-medium\" data-date-format=\"m\/d\/Y\" data-disable-past-dates=\"0\" data-input=\"true\" name=\"wpforms[fields][8][date]\" aria-errormessage=\"wpforms-768-field_8-error\" ><a title=\"Datum leeren\" data-clear role=\"button\" tabindex=\"0\" class=\"wpforms-datepicker-clear\" aria-label=\"Datum leeren\" style=\"display:none;\"><\/a><\/div><\/div><\/div><\/div><\/div><\/div><div id=\"wpforms-768-field_4-container\" class=\"wpforms-field wpforms-field-textarea\" data-field-id=\"4\"><label class=\"wpforms-field-label\" for=\"wpforms-768-field_4\">Pick up \/ Drop off + Uhrzeiten<\/label><textarea id=\"wpforms-768-field_4\" class=\"wpforms-field-medium\" name=\"wpforms[fields][4]\" aria-errormessage=\"wpforms-768-field_4-error\" ><\/textarea><\/div>\t\t<div id=\"wpforms-768-field_16-container\"\n\t\t\tclass=\"wpforms-field wpforms-field-text\"\n\t\t\tdata-field-type=\"text\"\n\t\t\tdata-field-id=\"16\"\n\t\t\t>\n\t\t\t<label class=\"wpforms-field-label\" for=\"wpforms-768-field_16\" >off \/ Snacks<\/label>\n\t\t\t<input type=\"text\" id=\"wpforms-768-field_16\" class=\"wpforms-field-medium\" name=\"wpforms[fields][16]\" >\n\t\t<\/div>\n\t\t<div id=\"wpforms-768-field_9-container\" class=\"wpforms-field wpforms-field-textarea\" data-field-id=\"9\"><label class=\"wpforms-field-label\" for=\"wpforms-768-field_9\">Zielorte &amp; Ankunftszeiten<\/label><textarea id=\"wpforms-768-field_9\" class=\"wpforms-field-medium\" name=\"wpforms[fields][9]\" aria-errormessage=\"wpforms-768-field_9-error\" ><\/textarea><\/div><div id=\"wpforms-768-field_10-container\" class=\"wpforms-field wpforms-field-number\" data-field-id=\"10\"><label class=\"wpforms-field-label\" for=\"wpforms-768-field_10\">Anzahl Personen<\/label><input type=\"number\" id=\"wpforms-768-field_10\" class=\"wpforms-field-large\" name=\"wpforms[fields][10]\" step=\"any\" aria-errormessage=\"wpforms-768-field_10-error\" ><\/div><div id=\"wpforms-768-field_11-container\" class=\"wpforms-field wpforms-field-select wpforms-field-select-style-classic\" data-field-id=\"11\"><label class=\"wpforms-field-label\" for=\"wpforms-768-field_11\">Dropdown<\/label><select id=\"wpforms-768-field_11\" class=\"wpforms-field-large\" name=\"wpforms[fields][11]\"><option value=\"The Venga Bus\"  class=\"choice-4 depth-1\"  >The Venga Bus<\/option><option value=\"SaMo 2.0\"  class=\"choice-5 depth-1\"  >SaMo 2.0<\/option><option value=\"Black Pearl\"  class=\"choice-6 depth-1\"  >Black Pearl<\/option><option value=\"Black Lady\"  class=\"choice-7 depth-1\"  >Black Lady<\/option><option value=\"Emma\"  class=\"choice-8 depth-1\"  >Emma<\/option><\/select><\/div><div id=\"wpforms-768-field_12-container\" class=\"wpforms-field wpforms-field-radio\" data-field-id=\"12\"><fieldset><legend class=\"wpforms-field-label\">Trailer<\/legend><ul id=\"wpforms-768-field_12\"><li class=\"choice-1 depth-1\"><input type=\"radio\" id=\"wpforms-768-field_12_1\" name=\"wpforms[fields][12]\" value=\"Ja\" aria-errormessage=\"wpforms-768-field_12_1-error\"  ><label class=\"wpforms-field-label-inline\" for=\"wpforms-768-field_12_1\">Ja<\/label><\/li><li class=\"choice-2 depth-1\"><input type=\"radio\" id=\"wpforms-768-field_12_2\" name=\"wpforms[fields][12]\" value=\"Nein\" aria-errormessage=\"wpforms-768-field_12_2-error\"  ><label class=\"wpforms-field-label-inline\" for=\"wpforms-768-field_12_2\">Nein<\/label><\/li><\/ul><\/fieldset><\/div><div id=\"wpforms-768-field_13-container\" class=\"wpforms-field wpforms-field-radio\" data-field-id=\"13\"><fieldset><legend class=\"wpforms-field-label\">Wifi<\/legend><ul id=\"wpforms-768-field_13\"><li class=\"choice-1 depth-1\"><input type=\"radio\" id=\"wpforms-768-field_13_1\" name=\"wpforms[fields][13]\" value=\"Ja\" aria-errormessage=\"wpforms-768-field_13_1-error\"  ><label class=\"wpforms-field-label-inline\" for=\"wpforms-768-field_13_1\">Ja<\/label><\/li><li class=\"choice-2 depth-1\"><input type=\"radio\" id=\"wpforms-768-field_13_2\" name=\"wpforms[fields][13]\" value=\"Nein\" aria-errormessage=\"wpforms-768-field_13_2-error\"  ><label class=\"wpforms-field-label-inline\" for=\"wpforms-768-field_13_2\">Nein<\/label><\/li><\/ul><\/fieldset><\/div><div id=\"wpforms-768-field_14-container\" class=\"wpforms-field wpforms-field-textarea\" data-field-id=\"14\"><label class=\"wpforms-field-label\" for=\"wpforms-768-field_14\">Erstbest\u00fcckung: Getr\u00e4nke &amp; Snacks<\/label><textarea id=\"wpforms-768-field_14\" class=\"wpforms-field-medium\" name=\"wpforms[fields][14]\" aria-errormessage=\"wpforms-768-field_14-error\" ><\/textarea><\/div><div id=\"wpforms-768-field_15-container\" class=\"wpforms-field wpforms-field-textarea\" data-field-id=\"15\"><label class=\"wpforms-field-label\" for=\"wpforms-768-field_15\">W\u00fcnsche\/Sonstiges<\/label><textarea id=\"wpforms-768-field_15\" class=\"wpforms-field-medium\" name=\"wpforms[fields][15]\" aria-errormessage=\"wpforms-768-field_15-error\" ><\/textarea><\/div><div id=\"wpforms-768-field_5-container\" class=\"wpforms-field wpforms-field-gdpr-checkbox\" data-field-id=\"5\"><label class=\"wpforms-field-label\">Datenschutzhinweis <span class=\"wpforms-required-label\" aria-hidden=\"true\">*<\/span><\/label><ul id=\"wpforms-768-field_5\" class=\"wpforms-field-required\"><li class=\"choice-1\"><input type=\"checkbox\" id=\"wpforms-768-field_5_1\" name=\"wpforms[fields][5][]\" value=\"Dieses Formular speichert Ihren Namen, Ihre Email Adresse sowie den Inhalt der Nachricht, damit wir die Mitteilungen auf unserer Seite bearbeiten k\u00f6nnen. Weitere Informationen finden Sie auf unserer &lt;a href=&quot;https:\/\/www.happyday-hanke.de\/nightliner\/datenschutz\/&quot;&gt;Seite der Datenschutzbestimmungen&lt;\/a&gt;.\" aria-errormessage=\"wpforms-768-field_5_1-error\" required ><label class=\"wpforms-field-label-inline\" for=\"wpforms-768-field_5_1\">Dieses Formular speichert Ihren Namen, Ihre Email Adresse sowie den Inhalt der Nachricht, damit wir die Mitteilungen auf unserer Seite bearbeiten k\u00f6nnen. Weitere Informationen finden Sie auf unserer <a href=\"https:\/\/www.happyday-hanke.de\/nightliner\/datenschutz\/\">Seite der Datenschutzbestimmungen<\/a>.<\/label><\/li><\/ul><\/div><script>\n\t\t\t\t( function() {\n\t\t\t\t\tconst style = document.createElement( 'style' );\n\t\t\t\t\tstyle.appendChild( document.createTextNode( '#wpforms-768-field_16-container { position: absolute !important; overflow: hidden !important; display: inline !important; height: 1px !important; width: 1px !important; z-index: -1000 !important; padding: 0 !important; } #wpforms-768-field_16-container input { visibility: hidden; } #wpforms-conversational-form-page #wpforms-768-field_16-container label { counter-increment: none; }' ) );\n\t\t\t\t\tdocument.head.appendChild( style );\n\t\t\t\t\tdocument.currentScript?.remove();\n\t\t\t\t} )();\n\t\t\t<\/script><\/div><!-- .wpforms-field-container --><div class=\"wpforms-submit-container\" ><input type=\"hidden\" name=\"wpforms[id]\" value=\"768\"><input type=\"hidden\" name=\"page_title\" value=\"\"><input type=\"hidden\" name=\"page_url\" value=\"https:\/\/www.happyday-hanke.de\/nightliner\/wp-json\/wp\/v2\/pages\/8\"><input type=\"hidden\" name=\"url_referer\" value=\"\"><button type=\"submit\" name=\"wpforms[submit]\" id=\"wpforms-submit-768\" class=\"wpforms-submit\" data-alt-text=\"Senden...\" data-submit-text=\"Absenden\" aria-live=\"assertive\" value=\"wpforms-submit\">Absenden<\/button><img loading=\"lazy\" decoding=\"async\" src=\"https:\/\/www.happyday-hanke.de\/nightliner\/wp-content\/plugins\/wpforms\/assets\/images\/submit-spin.svg\" class=\"wpforms-submit-spinner\" style=\"display: none;\" width=\"26\" height=\"26\" alt=\"Wird geladen\"><\/div><\/form><\/div>  <!-- .wpforms-container -->[\/vc_column_text][\/vc_column][\/vc_row]\n<\/div>","protected":false},"excerpt":{"rendered":"<p>[vc_row][vc_column][vc_column_text css=&#8220;&#8220;] Sie haben eine Anfrage oder w\u00fcnschen ein Angebot? In diesem Formular k\u00f6nnen sie uns schon einmal die Rahmenbedingungen nennen, somit k\u00f6nnen wir ihnen schneller ein individuelles Angebot erstellen. Falls Sie die Anfrage nur in Textform haben, benutzen sie bitte das Kontakt-Formular. [\/vc_column_text][\/vc_column][\/vc_row]<\/p>\n","protected":false},"author":4,"featured_media":0,"parent":0,"menu_order":0,"comment_status":"closed","ping_status":"open","template":"","meta":{"ngg_post_thumbnail":0,"footnotes":""},"class_list":["post-8","page","type-page","status-publish","hentry","no-post-thumbnail"],"yoast_head":"<!-- This site is optimized with the Yoast SEO plugin v27.4 - https:\/\/yoast.com\/product\/yoast-seo-wordpress\/ -->\n<title>DIE Anfrage - Happy Day Hanke - Nightliner<\/title>\n<meta name=\"robots\" content=\"index, follow, max-snippet:-1, max-image-preview:large, max-video-preview:-1\" \/>\n<link rel=\"canonical\" href=\"https:\/\/www.happyday-hanke.de\/nightliner\/die-anfrage\/\" \/>\n<meta property=\"og:locale\" content=\"de_DE\" \/>\n<meta property=\"og:type\" content=\"article\" \/>\n<meta property=\"og:title\" content=\"DIE Anfrage - Happy Day Hanke - Nightliner\" \/>\n<meta property=\"og:description\" content=\"[vc_row][vc_column][vc_column_text css=&#8220;&#8220;] Sie haben eine Anfrage oder w\u00fcnschen ein Angebot? In diesem Formular k\u00f6nnen sie uns schon einmal die Rahmenbedingungen nennen, somit k\u00f6nnen wir ihnen schneller ein individuelles Angebot erstellen. Falls Sie die Anfrage nur in Textform haben, benutzen sie bitte das Kontakt-Formular. [\/vc_column_text][\/vc_column][\/vc_row]\" \/>\n<meta property=\"og:url\" content=\"https:\/\/www.happyday-hanke.de\/nightliner\/die-anfrage\/\" \/>\n<meta property=\"og:site_name\" content=\"Happy Day Hanke - Nightliner\" \/>\n<meta property=\"article:publisher\" content=\"https:\/\/www.facebook.com\/happydaynightliner\" \/>\n<meta property=\"article:modified_time\" content=\"2026-03-04T12:06:46+00:00\" \/>\n<meta name=\"twitter:label1\" content=\"Gesch\u00e4tzte Lesezeit\" \/>\n\t<meta name=\"twitter:data1\" content=\"1\u00a0Minute\" \/>\n<script type=\"application\/ld+json\" class=\"yoast-schema-graph\">{\"@context\":\"https:\\\/\\\/schema.org\",\"@graph\":[{\"@type\":\"WebPage\",\"@id\":\"https:\\\/\\\/www.happyday-hanke.de\\\/nightliner\\\/die-anfrage\\\/\",\"url\":\"https:\\\/\\\/www.happyday-hanke.de\\\/nightliner\\\/die-anfrage\\\/\",\"name\":\"DIE Anfrage - Happy Day Hanke - Nightliner\",\"isPartOf\":{\"@id\":\"https:\\\/\\\/www.happyday-hanke.de\\\/nightliner\\\/#website\"},\"datePublished\":\"2014-05-21T10:23:59+00:00\",\"dateModified\":\"2026-03-04T12:06:46+00:00\",\"breadcrumb\":{\"@id\":\"https:\\\/\\\/www.happyday-hanke.de\\\/nightliner\\\/die-anfrage\\\/#breadcrumb\"},\"inLanguage\":\"de\",\"potentialAction\":[{\"@type\":\"ReadAction\",\"target\":[\"https:\\\/\\\/www.happyday-hanke.de\\\/nightliner\\\/die-anfrage\\\/\"]}]},{\"@type\":\"BreadcrumbList\",\"@id\":\"https:\\\/\\\/www.happyday-hanke.de\\\/nightliner\\\/die-anfrage\\\/#breadcrumb\",\"itemListElement\":[{\"@type\":\"ListItem\",\"position\":1,\"name\":\"Home\",\"item\":\"https:\\\/\\\/www.happyday-hanke.de\\\/nightliner\\\/\"},{\"@type\":\"ListItem\",\"position\":2,\"name\":\"DIE Anfrage\"}]},{\"@type\":\"WebSite\",\"@id\":\"https:\\\/\\\/www.happyday-hanke.de\\\/nightliner\\\/#website\",\"url\":\"https:\\\/\\\/www.happyday-hanke.de\\\/nightliner\\\/\",\"name\":\"Happy Day Hanke - Nightliner\",\"description\":\"Rock N Roll Touring\",\"publisher\":{\"@id\":\"https:\\\/\\\/www.happyday-hanke.de\\\/nightliner\\\/#organization\"},\"potentialAction\":[{\"@type\":\"SearchAction\",\"target\":{\"@type\":\"EntryPoint\",\"urlTemplate\":\"https:\\\/\\\/www.happyday-hanke.de\\\/nightliner\\\/?s={search_term_string}\"},\"query-input\":{\"@type\":\"PropertyValueSpecification\",\"valueRequired\":true,\"valueName\":\"search_term_string\"}}],\"inLanguage\":\"de\"},{\"@type\":\"Organization\",\"@id\":\"https:\\\/\\\/www.happyday-hanke.de\\\/nightliner\\\/#organization\",\"name\":\"Happyday Bustouristik GmbH\",\"url\":\"https:\\\/\\\/www.happyday-hanke.de\\\/nightliner\\\/\",\"logo\":{\"@type\":\"ImageObject\",\"inLanguage\":\"de\",\"@id\":\"https:\\\/\\\/www.happyday-hanke.de\\\/nightliner\\\/#\\\/schema\\\/logo\\\/image\\\/\",\"url\":\"https:\\\/\\\/www.happyday-hanke.de\\\/nightliner\\\/wp-content\\\/uploads\\\/2014\\\/06\\\/hanke-logo1.jpg\",\"contentUrl\":\"https:\\\/\\\/www.happyday-hanke.de\\\/nightliner\\\/wp-content\\\/uploads\\\/2014\\\/06\\\/hanke-logo1.jpg\",\"width\":600,\"height\":127,\"caption\":\"Happyday Bustouristik GmbH\"},\"image\":{\"@id\":\"https:\\\/\\\/www.happyday-hanke.de\\\/nightliner\\\/#\\\/schema\\\/logo\\\/image\\\/\"},\"sameAs\":[\"https:\\\/\\\/www.facebook.com\\\/happydaynightliner\",\"https:\\\/\\\/x.com\\\/hdnightliner\",\"https:\\\/\\\/www.youtube.com\\\/channel\\\/UCkomtww0U1aEQNNRoU6jWvQ\"]}]}<\/script>\n<!-- \/ Yoast SEO plugin. -->","yoast_head_json":{"title":"DIE Anfrage - Happy Day Hanke - Nightliner","robots":{"index":"index","follow":"follow","max-snippet":"max-snippet:-1","max-image-preview":"max-image-preview:large","max-video-preview":"max-video-preview:-1"},"canonical":"https:\/\/www.happyday-hanke.de\/nightliner\/die-anfrage\/","og_locale":"de_DE","og_type":"article","og_title":"DIE Anfrage - Happy Day Hanke - Nightliner","og_description":"[vc_row][vc_column][vc_column_text css=&#8220;&#8220;] Sie haben eine Anfrage oder w\u00fcnschen ein Angebot? In diesem Formular k\u00f6nnen sie uns schon einmal die Rahmenbedingungen nennen, somit k\u00f6nnen wir ihnen schneller ein individuelles Angebot erstellen. Falls Sie die Anfrage nur in Textform haben, benutzen sie bitte das Kontakt-Formular. [\/vc_column_text][\/vc_column][\/vc_row]","og_url":"https:\/\/www.happyday-hanke.de\/nightliner\/die-anfrage\/","og_site_name":"Happy Day Hanke - Nightliner","article_publisher":"https:\/\/www.facebook.com\/happydaynightliner","article_modified_time":"2026-03-04T12:06:46+00:00","twitter_misc":{"Gesch\u00e4tzte Lesezeit":"1\u00a0Minute"},"schema":{"@context":"https:\/\/schema.org","@graph":[{"@type":"WebPage","@id":"https:\/\/www.happyday-hanke.de\/nightliner\/die-anfrage\/","url":"https:\/\/www.happyday-hanke.de\/nightliner\/die-anfrage\/","name":"DIE Anfrage - Happy Day Hanke - Nightliner","isPartOf":{"@id":"https:\/\/www.happyday-hanke.de\/nightliner\/#website"},"datePublished":"2014-05-21T10:23:59+00:00","dateModified":"2026-03-04T12:06:46+00:00","breadcrumb":{"@id":"https:\/\/www.happyday-hanke.de\/nightliner\/die-anfrage\/#breadcrumb"},"inLanguage":"de","potentialAction":[{"@type":"ReadAction","target":["https:\/\/www.happyday-hanke.de\/nightliner\/die-anfrage\/"]}]},{"@type":"BreadcrumbList","@id":"https:\/\/www.happyday-hanke.de\/nightliner\/die-anfrage\/#breadcrumb","itemListElement":[{"@type":"ListItem","position":1,"name":"Home","item":"https:\/\/www.happyday-hanke.de\/nightliner\/"},{"@type":"ListItem","position":2,"name":"DIE Anfrage"}]},{"@type":"WebSite","@id":"https:\/\/www.happyday-hanke.de\/nightliner\/#website","url":"https:\/\/www.happyday-hanke.de\/nightliner\/","name":"Happy Day Hanke - Nightliner","description":"Rock N Roll Touring","publisher":{"@id":"https:\/\/www.happyday-hanke.de\/nightliner\/#organization"},"potentialAction":[{"@type":"SearchAction","target":{"@type":"EntryPoint","urlTemplate":"https:\/\/www.happyday-hanke.de\/nightliner\/?s={search_term_string}"},"query-input":{"@type":"PropertyValueSpecification","valueRequired":true,"valueName":"search_term_string"}}],"inLanguage":"de"},{"@type":"Organization","@id":"https:\/\/www.happyday-hanke.de\/nightliner\/#organization","name":"Happyday Bustouristik GmbH","url":"https:\/\/www.happyday-hanke.de\/nightliner\/","logo":{"@type":"ImageObject","inLanguage":"de","@id":"https:\/\/www.happyday-hanke.de\/nightliner\/#\/schema\/logo\/image\/","url":"https:\/\/www.happyday-hanke.de\/nightliner\/wp-content\/uploads\/2014\/06\/hanke-logo1.jpg","contentUrl":"https:\/\/www.happyday-hanke.de\/nightliner\/wp-content\/uploads\/2014\/06\/hanke-logo1.jpg","width":600,"height":127,"caption":"Happyday Bustouristik GmbH"},"image":{"@id":"https:\/\/www.happyday-hanke.de\/nightliner\/#\/schema\/logo\/image\/"},"sameAs":["https:\/\/www.facebook.com\/happydaynightliner","https:\/\/x.com\/hdnightliner","https:\/\/www.youtube.com\/channel\/UCkomtww0U1aEQNNRoU6jWvQ"]}]}},"_links":{"self":[{"href":"https:\/\/www.happyday-hanke.de\/nightliner\/wp-json\/wp\/v2\/pages\/8","targetHints":{"allow":["GET"]}}],"collection":[{"href":"https:\/\/www.happyday-hanke.de\/nightliner\/wp-json\/wp\/v2\/pages"}],"about":[{"href":"https:\/\/www.happyday-hanke.de\/nightliner\/wp-json\/wp\/v2\/types\/page"}],"author":[{"embeddable":true,"href":"https:\/\/www.happyday-hanke.de\/nightliner\/wp-json\/wp\/v2\/users\/4"}],"replies":[{"embeddable":true,"href":"https:\/\/www.happyday-hanke.de\/nightliner\/wp-json\/wp\/v2\/comments?post=8"}],"version-history":[{"count":5,"href":"https:\/\/www.happyday-hanke.de\/nightliner\/wp-json\/wp\/v2\/pages\/8\/revisions"}],"predecessor-version":[{"id":774,"href":"https:\/\/www.happyday-hanke.de\/nightliner\/wp-json\/wp\/v2\/pages\/8\/revisions\/774"}],"wp:attachment":[{"href":"https:\/\/www.happyday-hanke.de\/nightliner\/wp-json\/wp\/v2\/media?parent=8"}],"curies":[{"name":"wp","href":"https:\/\/api.w.org\/{rel}","templated":true}]}}