{"id":6,"date":"2014-05-21T12:23:39","date_gmt":"2014-05-21T10:23:39","guid":{"rendered":"https:\/\/www.happyday-hanke.de\/nightliner\/?page_id=6"},"modified":"2022-02-16T10:11:52","modified_gmt":"2022-02-16T08:11:52","slug":"die-firma","status":"publish","type":"page","link":"https:\/\/www.happyday-hanke.de\/nightliner\/die-firma\/","title":{"rendered":"DIE Firma"},"content":{"rendered":"<p><strong>1982: Der Traum wurde Wirklichkeit:<\/strong><br \/>\nHerbert Hanke gr\u00fcndete mit 26 Jahren seinen Omnibusbetrieb, <strong><em>Hanke Bustouristik<\/em><\/strong><\/p>\n<p><img loading=\"lazy\" decoding=\"async\" class=\"aligncenter size-large wp-image-26\" src=\"https:\/\/www.happyday-hanke.de\/nightliner\/wp-content\/uploads\/2014\/05\/Freibescheinigung-WK_0009-1024x682.jpg\" alt=\"Freibescheinigung WK_0009\" width=\"760\" height=\"506\" \/><\/p>\n<p><strong>1984: Mit gro\u00dfen Schritten geht es voran:<\/strong><br \/>\nAus Hanke Bustouristik wird das noch heutige Happyday Bustouristik GmbH<\/p>\n<p><img loading=\"lazy\" decoding=\"async\" class=\"aligncenter size-large wp-image-19\" src=\"https:\/\/www.happyday-hanke.de\/nightliner\/wp-content\/uploads\/2014\/05\/Freibescheinigung-WK_0002-1024x728.jpg\" alt=\"Freibescheinigung WK_0002\" width=\"760\" height=\"540\" srcset=\"https:\/\/www.happyday-hanke.de\/nightliner\/wp-content\/uploads\/2014\/05\/Freibescheinigung-WK_0002-1024x728.jpg 1024w, https:\/\/www.happyday-hanke.de\/nightliner\/wp-content\/uploads\/2014\/05\/Freibescheinigung-WK_0002-300x213.jpg 300w, https:\/\/www.happyday-hanke.de\/nightliner\/wp-content\/uploads\/2014\/05\/Freibescheinigung-WK_0002-768x546.jpg 768w, https:\/\/www.happyday-hanke.de\/nightliner\/wp-content\/uploads\/2014\/05\/Freibescheinigung-WK_0002-100x71.jpg 100w, https:\/\/www.happyday-hanke.de\/nightliner\/wp-content\/uploads\/2014\/05\/Freibescheinigung-WK_0002-760x540.jpg 760w, https:\/\/www.happyday-hanke.de\/nightliner\/wp-content\/uploads\/2014\/05\/Freibescheinigung-WK_0002-1056x751.jpg 1056w, https:\/\/www.happyday-hanke.de\/nightliner\/wp-content\/uploads\/2014\/05\/Freibescheinigung-WK_0002-20x14.jpg 20w, https:\/\/www.happyday-hanke.de\/nightliner\/wp-content\/uploads\/2014\/05\/Freibescheinigung-WK_0002.jpg 1440w\" sizes=\"auto, (max-width: 760px) 100vw, 760px\" \/><\/p>\n<p><strong>1988: Die Heiligen Hallen wurden aus dem Boden geschtampft<\/strong><br \/>\nHerbert h\u00f6chst pers\u00f6nlich planierte 4000m2 Grundst\u00fcck<br \/>\nDie Erbauung verschluckte ein Betrag von 2 Millionen DM<\/p>\n<p><img loading=\"lazy\" decoding=\"async\" class=\"aligncenter size-large wp-image-20\" src=\"https:\/\/www.happyday-hanke.de\/nightliner\/wp-content\/uploads\/2014\/05\/Freibescheinigung-WK_0003-1024x705.jpg\" alt=\"Freibescheinigung WK_0003\" width=\"760\" height=\"523\" srcset=\"https:\/\/www.happyday-hanke.de\/nightliner\/wp-content\/uploads\/2014\/05\/Freibescheinigung-WK_0003-1024x705.jpg 1024w, https:\/\/www.happyday-hanke.de\/nightliner\/wp-content\/uploads\/2014\/05\/Freibescheinigung-WK_0003-300x207.jpg 300w, https:\/\/www.happyday-hanke.de\/nightliner\/wp-content\/uploads\/2014\/05\/Freibescheinigung-WK_0003-768x529.jpg 768w, https:\/\/www.happyday-hanke.de\/nightliner\/wp-content\/uploads\/2014\/05\/Freibescheinigung-WK_0003-100x69.jpg 100w, https:\/\/www.happyday-hanke.de\/nightliner\/wp-content\/uploads\/2014\/05\/Freibescheinigung-WK_0003-760x523.jpg 760w, https:\/\/www.happyday-hanke.de\/nightliner\/wp-content\/uploads\/2014\/05\/Freibescheinigung-WK_0003-1056x727.jpg 1056w, https:\/\/www.happyday-hanke.de\/nightliner\/wp-content\/uploads\/2014\/05\/Freibescheinigung-WK_0003-20x14.jpg 20w, https:\/\/www.happyday-hanke.de\/nightliner\/wp-content\/uploads\/2014\/05\/Freibescheinigung-WK_0003.jpg 1696w\" sizes=\"auto, (max-width: 760px) 100vw, 760px\" \/><\/p>\n<p><strong>2005: Vom Kaffee zum Rock and Roll<\/strong><br \/>\nHerbert kaufte sich in diesem Jahr seinen ersten Nightliner den er bis heute liebt und nat\u00fcrlich auch noch f\u00e4hrt!<br \/>\nSo kam der &#8222;Rolling Stone&#8220;&#8230;<\/p>\n<p><img loading=\"lazy\" decoding=\"async\" class=\"aligncenter size-large wp-image-20\" src=\"https:\/\/www.happyday-hanke.de\/nightliner\/wp-content\/uploads\/2014\/06\/MK4A5646.jpg\" alt=\"Emma\" width=\"760\" height=\"523\" \/><\/p>\n<p><strong>2014: Glanz und Gloria<\/strong><br \/>\nIn diesem Jahr d\u00fcrfen wir einen Highclass Nightliner frisch vom Band unser eigen nennen.<\/p>\n<div id=\"attachment_123\" style=\"width: 770px\" class=\"wp-caption aligncenter\"><a href=\"https:\/\/www.happyday-hanke.de\/nightliner\/wp-content\/uploads\/2014\/07\/MK4A5711-1.jpg\"><img loading=\"lazy\" decoding=\"async\" aria-describedby=\"caption-attachment-123\" class=\"size-large wp-image-123\" src=\"https:\/\/www.happyday-hanke.de\/nightliner\/wp-content\/uploads\/2014\/07\/MK4A5711-1-1024x682.jpg\" alt=\"Das neue Pferd im Stall - der neue Nightliner von Happyday Hanke\" width=\"760\" height=\"506\" \/><\/a><p id=\"caption-attachment-123\" class=\"wp-caption-text\">Das neue Pferd im Stall &#8211; der neue Nightliner von Happyday Hanke<\/p><\/div>\n","protected":false},"excerpt":{"rendered":"<p>1982: Der Traum wurde Wirklichkeit: Herbert Hanke gr\u00fcndete mit 26 Jahren seinen Omnibusbetrieb, Hanke Bustouristik 1984: Mit gro\u00dfen Schritten geht es voran: Aus Hanke Bustouristik wird das noch heutige Happyday Bustouristik GmbH 1988: Die Heiligen Hallen wurden aus dem Boden geschtampft Herbert h\u00f6chst pers\u00f6nlich planierte 4000m2 Grundst\u00fcck Die Erbauung verschluckte ein Betrag von 2 Millionen DM 2005: Vom Kaffee zum &#8230;<\/p>\n","protected":false},"author":4,"featured_media":0,"parent":0,"menu_order":0,"comment_status":"closed","ping_status":"open","template":"","meta":{"ngg_post_thumbnail":0,"footnotes":""},"class_list":["post-6","page","type-page","status-publish","hentry","no-post-thumbnail"],"yoast_head":"<!-- This site is optimized with the Yoast SEO plugin v27.2 - https:\/\/yoast.com\/product\/yoast-seo-wordpress\/ -->\n<title>DIE Firma - Happy Day Hanke - Nightliner<\/title>\n<meta name=\"robots\" content=\"index, follow, max-snippet:-1, max-image-preview:large, max-video-preview:-1\" \/>\n<link rel=\"canonical\" href=\"https:\/\/www.happyday-hanke.de\/nightliner\/die-firma\/\" \/>\n<meta property=\"og:locale\" content=\"de_DE\" \/>\n<meta property=\"og:type\" content=\"article\" \/>\n<meta property=\"og:title\" content=\"DIE Firma - Happy Day Hanke - Nightliner\" \/>\n<meta property=\"og:description\" content=\"1982: Der Traum wurde Wirklichkeit: Herbert Hanke gr\u00fcndete mit 26 Jahren seinen Omnibusbetrieb, Hanke Bustouristik 1984: Mit gro\u00dfen Schritten geht es voran: Aus Hanke Bustouristik wird das noch heutige Happyday Bustouristik GmbH 1988: Die Heiligen Hallen wurden aus dem Boden geschtampft Herbert h\u00f6chst pers\u00f6nlich planierte 4000m2 Grundst\u00fcck Die Erbauung verschluckte ein Betrag von 2 Millionen DM 2005: Vom Kaffee zum ...\" \/>\n<meta property=\"og:url\" content=\"https:\/\/www.happyday-hanke.de\/nightliner\/die-firma\/\" \/>\n<meta property=\"og:site_name\" content=\"Happy Day Hanke - Nightliner\" \/>\n<meta property=\"article:publisher\" content=\"https:\/\/www.facebook.com\/happydaynightliner\" \/>\n<meta property=\"article:modified_time\" content=\"2022-02-16T08:11:52+00:00\" \/>\n<meta property=\"og:image\" content=\"https:\/\/www.happyday-hanke.de\/nightliner\/wp-content\/uploads\/2014\/05\/Freibescheinigung-WK_0009-1024x682.jpg\" \/>\n<meta name=\"twitter:label1\" content=\"Gesch\u00e4tzte Lesezeit\" \/>\n\t<meta name=\"twitter:data1\" content=\"1\u00a0Minute\" \/>\n<script type=\"application\/ld+json\" class=\"yoast-schema-graph\">{\"@context\":\"https:\/\/schema.org\",\"@graph\":[{\"@type\":\"WebPage\",\"@id\":\"https:\/\/www.happyday-hanke.de\/nightliner\/die-firma\/\",\"url\":\"https:\/\/www.happyday-hanke.de\/nightliner\/die-firma\/\",\"name\":\"DIE Firma - Happy Day Hanke - Nightliner\",\"isPartOf\":{\"@id\":\"https:\/\/www.happyday-hanke.de\/nightliner\/#website\"},\"primaryImageOfPage\":{\"@id\":\"https:\/\/www.happyday-hanke.de\/nightliner\/die-firma\/#primaryimage\"},\"image\":{\"@id\":\"https:\/\/www.happyday-hanke.de\/nightliner\/die-firma\/#primaryimage\"},\"thumbnailUrl\":\"https:\/\/www.happyday-hanke.de\/nightliner\/wp-content\/uploads\/2014\/05\/Freibescheinigung-WK_0009-1024x682.jpg\",\"datePublished\":\"2014-05-21T10:23:39+00:00\",\"dateModified\":\"2022-02-16T08:11:52+00:00\",\"breadcrumb\":{\"@id\":\"https:\/\/www.happyday-hanke.de\/nightliner\/die-firma\/#breadcrumb\"},\"inLanguage\":\"de\",\"potentialAction\":[{\"@type\":\"ReadAction\",\"target\":[\"https:\/\/www.happyday-hanke.de\/nightliner\/die-firma\/\"]}]},{\"@type\":\"ImageObject\",\"inLanguage\":\"de\",\"@id\":\"https:\/\/www.happyday-hanke.de\/nightliner\/die-firma\/#primaryimage\",\"url\":\"https:\/\/www.happyday-hanke.de\/nightliner\/wp-content\/uploads\/2014\/05\/Freibescheinigung-WK_0009.jpg\",\"contentUrl\":\"https:\/\/www.happyday-hanke.de\/nightliner\/wp-content\/uploads\/2014\/05\/Freibescheinigung-WK_0009.jpg\",\"width\":1488,\"height\":992},{\"@type\":\"BreadcrumbList\",\"@id\":\"https:\/\/www.happyday-hanke.de\/nightliner\/die-firma\/#breadcrumb\",\"itemListElement\":[{\"@type\":\"ListItem\",\"position\":1,\"name\":\"Home\",\"item\":\"https:\/\/www.happyday-hanke.de\/nightliner\/\"},{\"@type\":\"ListItem\",\"position\":2,\"name\":\"DIE Firma\"}]},{\"@type\":\"WebSite\",\"@id\":\"https:\/\/www.happyday-hanke.de\/nightliner\/#website\",\"url\":\"https:\/\/www.happyday-hanke.de\/nightliner\/\",\"name\":\"Happy Day Hanke - Nightliner\",\"description\":\"Rock N Roll Touring\",\"publisher\":{\"@id\":\"https:\/\/www.happyday-hanke.de\/nightliner\/#organization\"},\"potentialAction\":[{\"@type\":\"SearchAction\",\"target\":{\"@type\":\"EntryPoint\",\"urlTemplate\":\"https:\/\/www.happyday-hanke.de\/nightliner\/?s={search_term_string}\"},\"query-input\":{\"@type\":\"PropertyValueSpecification\",\"valueRequired\":true,\"valueName\":\"search_term_string\"}}],\"inLanguage\":\"de\"},{\"@type\":\"Organization\",\"@id\":\"https:\/\/www.happyday-hanke.de\/nightliner\/#organization\",\"name\":\"Happyday Bustouristik GmbH\",\"url\":\"https:\/\/www.happyday-hanke.de\/nightliner\/\",\"logo\":{\"@type\":\"ImageObject\",\"inLanguage\":\"de\",\"@id\":\"https:\/\/www.happyday-hanke.de\/nightliner\/#\/schema\/logo\/image\/\",\"url\":\"https:\/\/www.happyday-hanke.de\/nightliner\/wp-content\/uploads\/2014\/06\/hanke-logo1.jpg\",\"contentUrl\":\"https:\/\/www.happyday-hanke.de\/nightliner\/wp-content\/uploads\/2014\/06\/hanke-logo1.jpg\",\"width\":600,\"height\":127,\"caption\":\"Happyday Bustouristik GmbH\"},\"image\":{\"@id\":\"https:\/\/www.happyday-hanke.de\/nightliner\/#\/schema\/logo\/image\/\"},\"sameAs\":[\"https:\/\/www.facebook.com\/happydaynightliner\",\"https:\/\/x.com\/hdnightliner\",\"https:\/\/www.youtube.com\/channel\/UCkomtww0U1aEQNNRoU6jWvQ\"]}]}<\/script>\n<!-- \/ Yoast SEO plugin. -->","yoast_head_json":{"title":"DIE Firma - Happy Day Hanke - Nightliner","robots":{"index":"index","follow":"follow","max-snippet":"max-snippet:-1","max-image-preview":"max-image-preview:large","max-video-preview":"max-video-preview:-1"},"canonical":"https:\/\/www.happyday-hanke.de\/nightliner\/die-firma\/","og_locale":"de_DE","og_type":"article","og_title":"DIE Firma - Happy Day Hanke - Nightliner","og_description":"1982: Der Traum wurde Wirklichkeit: Herbert Hanke gr\u00fcndete mit 26 Jahren seinen Omnibusbetrieb, Hanke Bustouristik 1984: Mit gro\u00dfen Schritten geht es voran: Aus Hanke Bustouristik wird das noch heutige Happyday Bustouristik GmbH 1988: Die Heiligen Hallen wurden aus dem Boden geschtampft Herbert h\u00f6chst pers\u00f6nlich planierte 4000m2 Grundst\u00fcck Die Erbauung verschluckte ein Betrag von 2 Millionen DM 2005: Vom Kaffee zum ...","og_url":"https:\/\/www.happyday-hanke.de\/nightliner\/die-firma\/","og_site_name":"Happy Day Hanke - Nightliner","article_publisher":"https:\/\/www.facebook.com\/happydaynightliner","article_modified_time":"2022-02-16T08:11:52+00:00","og_image":[{"url":"https:\/\/www.happyday-hanke.de\/nightliner\/wp-content\/uploads\/2014\/05\/Freibescheinigung-WK_0009-1024x682.jpg","type":"","width":"","height":""}],"twitter_misc":{"Gesch\u00e4tzte Lesezeit":"1\u00a0Minute"},"schema":{"@context":"https:\/\/schema.org","@graph":[{"@type":"WebPage","@id":"https:\/\/www.happyday-hanke.de\/nightliner\/die-firma\/","url":"https:\/\/www.happyday-hanke.de\/nightliner\/die-firma\/","name":"DIE Firma - Happy Day Hanke - Nightliner","isPartOf":{"@id":"https:\/\/www.happyday-hanke.de\/nightliner\/#website"},"primaryImageOfPage":{"@id":"https:\/\/www.happyday-hanke.de\/nightliner\/die-firma\/#primaryimage"},"image":{"@id":"https:\/\/www.happyday-hanke.de\/nightliner\/die-firma\/#primaryimage"},"thumbnailUrl":"https:\/\/www.happyday-hanke.de\/nightliner\/wp-content\/uploads\/2014\/05\/Freibescheinigung-WK_0009-1024x682.jpg","datePublished":"2014-05-21T10:23:39+00:00","dateModified":"2022-02-16T08:11:52+00:00","breadcrumb":{"@id":"https:\/\/www.happyday-hanke.de\/nightliner\/die-firma\/#breadcrumb"},"inLanguage":"de","potentialAction":[{"@type":"ReadAction","target":["https:\/\/www.happyday-hanke.de\/nightliner\/die-firma\/"]}]},{"@type":"ImageObject","inLanguage":"de","@id":"https:\/\/www.happyday-hanke.de\/nightliner\/die-firma\/#primaryimage","url":"https:\/\/www.happyday-hanke.de\/nightliner\/wp-content\/uploads\/2014\/05\/Freibescheinigung-WK_0009.jpg","contentUrl":"https:\/\/www.happyday-hanke.de\/nightliner\/wp-content\/uploads\/2014\/05\/Freibescheinigung-WK_0009.jpg","width":1488,"height":992},{"@type":"BreadcrumbList","@id":"https:\/\/www.happyday-hanke.de\/nightliner\/die-firma\/#breadcrumb","itemListElement":[{"@type":"ListItem","position":1,"name":"Home","item":"https:\/\/www.happyday-hanke.de\/nightliner\/"},{"@type":"ListItem","position":2,"name":"DIE Firma"}]},{"@type":"WebSite","@id":"https:\/\/www.happyday-hanke.de\/nightliner\/#website","url":"https:\/\/www.happyday-hanke.de\/nightliner\/","name":"Happy Day Hanke - Nightliner","description":"Rock N Roll Touring","publisher":{"@id":"https:\/\/www.happyday-hanke.de\/nightliner\/#organization"},"potentialAction":[{"@type":"SearchAction","target":{"@type":"EntryPoint","urlTemplate":"https:\/\/www.happyday-hanke.de\/nightliner\/?s={search_term_string}"},"query-input":{"@type":"PropertyValueSpecification","valueRequired":true,"valueName":"search_term_string"}}],"inLanguage":"de"},{"@type":"Organization","@id":"https:\/\/www.happyday-hanke.de\/nightliner\/#organization","name":"Happyday Bustouristik GmbH","url":"https:\/\/www.happyday-hanke.de\/nightliner\/","logo":{"@type":"ImageObject","inLanguage":"de","@id":"https:\/\/www.happyday-hanke.de\/nightliner\/#\/schema\/logo\/image\/","url":"https:\/\/www.happyday-hanke.de\/nightliner\/wp-content\/uploads\/2014\/06\/hanke-logo1.jpg","contentUrl":"https:\/\/www.happyday-hanke.de\/nightliner\/wp-content\/uploads\/2014\/06\/hanke-logo1.jpg","width":600,"height":127,"caption":"Happyday Bustouristik GmbH"},"image":{"@id":"https:\/\/www.happyday-hanke.de\/nightliner\/#\/schema\/logo\/image\/"},"sameAs":["https:\/\/www.facebook.com\/happydaynightliner","https:\/\/x.com\/hdnightliner","https:\/\/www.youtube.com\/channel\/UCkomtww0U1aEQNNRoU6jWvQ"]}]}},"_links":{"self":[{"href":"https:\/\/www.happyday-hanke.de\/nightliner\/wp-json\/wp\/v2\/pages\/6","targetHints":{"allow":["GET"]}}],"collection":[{"href":"https:\/\/www.happyday-hanke.de\/nightliner\/wp-json\/wp\/v2\/pages"}],"about":[{"href":"https:\/\/www.happyday-hanke.de\/nightliner\/wp-json\/wp\/v2\/types\/page"}],"author":[{"embeddable":true,"href":"https:\/\/www.happyday-hanke.de\/nightliner\/wp-json\/wp\/v2\/users\/4"}],"replies":[{"embeddable":true,"href":"https:\/\/www.happyday-hanke.de\/nightliner\/wp-json\/wp\/v2\/comments?post=6"}],"version-history":[{"count":1,"href":"https:\/\/www.happyday-hanke.de\/nightliner\/wp-json\/wp\/v2\/pages\/6\/revisions"}],"predecessor-version":[{"id":634,"href":"https:\/\/www.happyday-hanke.de\/nightliner\/wp-json\/wp\/v2\/pages\/6\/revisions\/634"}],"wp:attachment":[{"href":"https:\/\/www.happyday-hanke.de\/nightliner\/wp-json\/wp\/v2\/media?parent=6"}],"curies":[{"name":"wp","href":"https:\/\/api.w.org\/{rel}","templated":true}]}}